{"id":13630,"date":"2025-09-03T11:34:46","date_gmt":"2025-09-03T09:34:46","guid":{"rendered":"https:\/\/www.amambre.be\/public\/?page_id=13630"},"modified":"2025-09-03T12:13:13","modified_gmt":"2025-09-03T10:13:13","slug":"jean-philippe-mercier","status":"publish","type":"page","link":"https:\/\/www.amambre.be\/public\/jean-philippe-mercier\/","title":{"rendered":"Jean Philippe Mercier"},"content":{"rendered":"\t\t<div data-elementor-type=\"wp-page\" data-elementor-id=\"13630\" class=\"elementor elementor-13630\" data-elementor-post-type=\"page\">\n\t\t\t\t\t\t<section class=\"elementor-section elementor-top-section elementor-element elementor-element-719779b9 elementor-section-stretched elementor-section-full_width elementor-section-height-default elementor-section-height-default\" data-id=\"719779b9\" data-element_type=\"section\" data-e-type=\"section\" data-settings=\"{&quot;stretch_section&quot;:&quot;section-stretched&quot;}\">\n\t\t\t\t\t\t<div class=\"elementor-container elementor-column-gap-no\">\n\t\t\t\t\t<div class=\"elementor-column elementor-col-50 elementor-top-column elementor-element elementor-element-f90b7d5\" data-id=\"f90b7d5\" data-element_type=\"column\" data-e-type=\"column\">\n\t\t\t<div class=\"elementor-widget-wrap elementor-element-populated\">\n\t\t\t\t\t\t<div class=\"elementor-element elementor-element-07e0fa5 elementor-invisible elementor-widget elementor-widget-pix-team-member-circle\" data-id=\"07e0fa5\" data-element_type=\"widget\" data-e-type=\"widget\" data-widget_type=\"pix-team-member-circle.default\">\n\t\t\t\t<div class=\"elementor-widget-container\">\n\t\t\t\t\t<div class=\" text-center animate-in\" style=\"position:relative\" data-anim-type=\"fade-in-up\" data-anim-delay=\"0\"><div class=\"card-body text-center\"><div class=\"mb-2\" ><div class=\"animate-in d-inline-block\" data-anim-type=\"fade-in-up\" data-anim-delay=\"0\"><div class=\"pix-story d-inline-block center \"  ><div class=\"story-img pix-bg-attachment-scroll pix-bg-custom  bg-gradient-primary center d-inline-block\" ><img decoding=\"async\" width=\"160\" height=\"160\" src=\"https:\/\/www.amambre.be\/public\/wp-content\/uploads\/2025\/08\/jean-philMERCIER-300x300.jpg\" class=\"rounded-circle bg-white pix-fit-cover img-fluid hover-effect \" alt=\"Jean-Philippe MERCIER\" style=\"width:160px;height:160px;\" srcset=\"https:\/\/www.amambre.be\/public\/wp-content\/uploads\/2025\/08\/jean-philMERCIER-300x300.jpg 300w, https:\/\/www.amambre.be\/public\/wp-content\/uploads\/2025\/08\/jean-philMERCIER-1024x1024.jpg 1024w, https:\/\/www.amambre.be\/public\/wp-content\/uploads\/2025\/08\/jean-philMERCIER-150x150.jpg 150w, https:\/\/www.amambre.be\/public\/wp-content\/uploads\/2025\/08\/jean-philMERCIER-768x768.jpg 768w, https:\/\/www.amambre.be\/public\/wp-content\/uploads\/2025\/08\/jean-philMERCIER-1536x1536.jpg 1536w, https:\/\/www.amambre.be\/public\/wp-content\/uploads\/2025\/08\/jean-philMERCIER-75x75.jpg 75w, https:\/\/www.amambre.be\/public\/wp-content\/uploads\/2025\/08\/jean-philMERCIER-460x460.jpg 460w, https:\/\/www.amambre.be\/public\/wp-content\/uploads\/2025\/08\/jean-philMERCIER.jpg 2000w\" sizes=\"(max-width: 160px) 100vw, 160px\" \/><\/div><\/div><\/div><\/div><div class=\"text-center\"><h5 class=\"pix-member-name card-title mb-3 font-weight-bold   text-heading-default animate-in\" style=\"\" data-anim-type=\"fade-in-up\" data-anim-delay=\"0\">Jean-Philippe MERCIER<\/h5><h4 class=\"pix-member-title mb-3 font-weight-bold   text-body-default animate-in\" style=\"font-size:15px;\" data-anim-type=\"fade-in-up\" data-anim-delay=\"100\"><strong>M\u00e9decin g\u00e9n\u00e9raliste<\/strong><\/h4><div class=\"text-gray-6  pix-social-icons font-weight-bold d-inline-block w-100 \" style=\"\"><a target=\"_blank\" href=\"tel:0472263536\" aria-label=\"Solid\/pixfort-icon-telephone-call-1\" class=\"text-gray-6 animate-in d-inline-block fly-sm text-24 px-2\" data-anim-type=\"fade-in-up\" data-anim-delay=\"400\"><svg class=\"pixfort-icon \" width=\"24\" height=\"24\" style=\"\" data-name=\"Solid\/pixfort-icon-telephone-call-1\" viewBox=\"2 2 20 20\"><g  stroke=\"none\" stroke-width=\"var(--pf-icon-stroke-width)\" fill=\"none\" fill-rule=\"evenodd\"><path d=\"M6.69312828,3.09895884 C7.86523071,3.04246855 8.89671328,3.90395885 9.03415569,5.08686486 L9.28114591,7.21260038 C9.36400077,7.92569547 9.1015994,8.63552191 8.57483334,9.12325858 L7.621,10.005 L7.69877224,10.1795935 C8.92469733,12.8241662 10.9876432,14.8470076 13.6742309,16.1477432 L13.863,16.236 L14.8852665,15.2911629 C15.3233934,14.8856763 15.9026828,14.6725866 16.4944797,14.6939222 L16.6722653,14.7073976 L18.9826474,14.9759592 L19.0529668,14.9875055 C20.2758451,15.2082417 21.0882418,16.3785225 20.8675057,17.6014008 L20.4236034,20.0606193 C20.2972938,20.7602247 19.6732198,21.258707 18.9609662,21.227171 L18.5934278,21.2078869 C9.28614041,20.6430578 3.21231684,14.4258226 2.77497173,5.07691208 L2.77559592,4.942835 C2.81091683,4.26110821 3.3116777,3.68966639 3.98740974,3.56772706 L6.46934834,3.12085472 L6.53950981,3.11158211 Z M12.309795,8.41963829 C13.0847318,8.57669428 13.8389038,8.99294954 14.4514097,9.60545549 C15.0634902,10.217536 15.4795966,10.9710879 15.6369036,11.7454767 C15.7468476,12.2867075 15.3972206,12.814589 14.8559898,12.924533 C14.3534183,13.0266238 13.8623573,12.7324519 13.7067425,12.2565668 L13.6769335,12.1436191 C13.5994902,11.7623823 13.3770141,11.359487 13.0371962,11.0196691 C12.7457331,10.728206 12.4078709,10.5230711 12.0770872,10.4217282 L11.9125328,10.379787 C11.3712527,10.270086 11.0213886,9.74236164 11.1310895,9.20108153 C11.2407905,8.65980143 11.7685149,8.30993737 12.309795,8.41963829 Z M13.5297384,5.29840217 C14.7036388,5.54445233 15.8880857,6.21370438 16.8656233,7.19124193 C17.8415642,8.16718282 18.5102443,9.34936907 18.7572727,10.5214632 C18.8711691,11.0618761 18.5254092,11.5922985 17.9849963,11.7061949 C17.4445834,11.8200913 16.914161,11.4743314 16.8002646,10.9339186 C16.6359756,10.1544039 16.1614819,9.31552769 15.4514097,8.60545549 C14.7402286,7.89427434 13.8998656,7.41944122 13.1194529,7.25586629 C12.5789141,7.14256907 12.2325664,6.61253025 12.3458636,6.07199146 C12.4591608,5.53145267 12.9891996,5.18510495 13.5297384,5.29840217 Z M14.7469773,2.17208674 C16.3165659,2.50664531 17.9336735,3.43086497 19.2798368,4.77702837 C20.6235946,6.12078611 21.5469482,7.73454234 21.8830111,9.30162168 C21.9988166,9.84162867 21.6549333,10.3732697 21.1149263,10.4890751 C20.5749193,10.6048806 20.0432783,10.2609973 19.9274729,9.72099027 C19.6755508,8.54626416 18.9465338,7.27215245 17.8656233,6.19124193 C16.7828479,5.10846653 15.5062429,4.37885305 14.3300424,4.12814536 C13.7898918,4.01301199 13.4453472,3.48179931 13.5604805,2.94164863 C13.6756139,2.40149796 14.2068266,2.05695336 14.7469773,2.17208674 Z\"  fill=\"var(--pf-icon-color)\"><\/path><\/g><\/svg><\/a><a target=\"_blank\" href=\"https:\/\/www.docteurmercier.be\/\" aria-label=\"Line\/pixfort-icon-earth-www-1\" class=\"text-gray-6 animate-in d-inline-block fly-sm text-24 px-2\" data-anim-type=\"fade-in-up\" data-anim-delay=\"500\"><svg class=\"pixfort-icon \" width=\"24\" height=\"24\" style=\"\" data-name=\"Line\/pixfort-icon-earth-www-1\" viewBox=\"2 2 20 20\"><path fill=\"none\" stroke=\"var(--pf-icon-color)\" stroke-linecap=\"round\" stroke-linejoin=\"round\" stroke-width=\"var(--pf-icon-stroke-width)\" d=\"M3.82307174,15.7652323 C5.24833847,18.855345 8.37371372,21 12,21 C15.7123056,21 18.8996541,18.7523912 20.2754689,15.5437501 M20.3293114,8.5845669 C18.9842039,5.30769197 15.7615971,3 12,3 C8.24431496,3 5.02592733,5.30044367 3.67704483,8.5691233 M12,21 C10.4877792,19.4204848 9.3072355,17.5577448 8.63205718,15.5535722 M8.49841966,8.52117493 C9.08532031,6.63575563 10.2131022,4.76318998 12,3 M12,21 C13.4756159,19.7417783 14.7306252,17.7893086 15.4233283,15.5362693 M15.5533976,8.53703363 C14.9899916,6.57552234 13.862796,4.66386234 12,3 M3,11 L4,13.5 L5,11 L6,13.5 L7,11 M10,11 L11,13.5 L12,11 L13,13.5 L14,11 M17,11 L18,13.5 L19,11 L20,13.5 L21,11\"\/><\/svg><\/a><a  href=\"mailto:info@docteurmercier.be\" aria-label=\"Line\/pixfort-icon-mail-open-3\" class=\"text-gray-6 animate-in d-inline-block fly-sm text-24 px-2\" data-anim-type=\"fade-in-up\" data-anim-delay=\"600\"><svg class=\"pixfort-icon \" width=\"24\" height=\"24\" style=\"\" data-name=\"Line\/pixfort-icon-mail-open-3\" viewBox=\"2 2 20 20\"><path fill=\"none\" stroke=\"var(--pf-icon-color)\" stroke-linecap=\"round\" stroke-linejoin=\"round\" stroke-width=\"var(--pf-icon-stroke-width)\" d=\"M18.0211296,7.01408643 L20.5547002,8.70313346 C20.8328989,8.88859924 21,9.20083057 21,9.53518376 L21,19 C21,20.1045695 20.1045695,21 19,21 L5,21 C3.8954305,21 3,20.1045695 3,19 L3,9.53518376 C3,9.20083057 3.16710114,8.88859924 3.4452998,8.70313346 L5.98731471,7.00845686 L5.98731471,7.00845686 M3.30149167,8.98779765 L10.7448982,14.9882141 C11.4774541,15.5787556 12.5225812,15.5787994 13.2551866,14.9883193 L20.7,8.98779765 L20.7,8.98779765 M6,11.1902729 L6,4.2 C6,3.5372583 6.5372583,3 7.2,3 L16.8,3 C17.4627417,3 18,3.5372583 18,4.2 L18,11.1902729 L18,11.1902729 M10,7 L14,7 M10,10 L13,10\"\/><\/svg><\/a><span class=\"text-gray-6 animate-in d-inline-block fly-sm text-24 px-2\" data-anim-type=\"fade-in-up\" data-anim-delay=\"700\"><svg class=\"pixfort-icon \" width=\"24\" height=\"24\" style=\"\" data-name=\"Line\/pixfort-icon-information-circle-1\" viewBox=\"2 2 20 20\"><path fill=\"none\" stroke=\"var(--pf-icon-color)\" stroke-linecap=\"round\" stroke-linejoin=\"round\" stroke-width=\"var(--pf-icon-stroke-width)\" d=\"M12,21 C16.9705627,21 21,16.9705627 21,12 C21,7.02943725 16.9705627,3 12,3 C7.02943725,3 3,7.02943725 3,12 C3,16.9705627 7.02943725,21 12,21 Z M11.85,16.525 L11.85,16.975 L12.15,16.975 L12.15,16.525 L11.85,16.525 Z M12,7 L12,13.5 L12,13.5 L12,7 Z\" transform=\"matrix(1 0 0 -1 0 24)\"\/><\/svg><\/span><\/div><\/div><\/div><\/div>\t\t\t\t<\/div>\n\t\t\t\t<\/div>\n\t\t\t\t<div class=\"elementor-element elementor-element-3f1cfff elementor-widget elementor-widget-pix-button\" data-id=\"3f1cfff\" data-element_type=\"widget\" data-e-type=\"widget\" data-widget_type=\"pix-button.default\">\n\t\t\t\t<div class=\"elementor-widget-container\">\n\t\t\t\t\t<a  href=\"https:\/\/docteurmercier.mikrono.com\/\" class=\"btn m-0     shadow-inverse btn-primary d-inline-flex align-items-center      btn-normal\"     ><svg class=\"pixfort-icon font-weight-bold   mr-2\" width=\"24\" height=\"24\"  data-name=\"Line\/pixfort-icon-calendar-3\" viewBox=\"2 2 20 20\"><path fill=\"none\" stroke=\"var(--pf-icon-color)\" stroke-linecap=\"round\" stroke-linejoin=\"round\" stroke-width=\"var(--pf-icon-stroke-width)\" d=\"M5,4.5 L19,4.5 C20.1045695,4.5 21,5.3954305 21,6.5 L21,19 C21,20.1045695 20.1045695,21 19,21 L5,21 C3.8954305,21 3,20.1045695 3,19 L3,6.5 C3,5.3954305 3.8954305,4.5 5,4.5 Z M3,9 L21,9 M7,13 L17,13 M7,17 L14,17 M8,6 L8,3 M16,6 L16,3\"\/><\/svg><span class=\"font-weight-bold \" >Prendre rendez-vous<\/span><\/a>\t\t\t\t<\/div>\n\t\t\t\t<\/div>\n\t\t\t\t<div class=\"elementor-element elementor-element-c2b87c7 elementor-widget elementor-widget-pix-text\" data-id=\"c2b87c7\" data-element_type=\"widget\" data-e-type=\"widget\" data-widget_type=\"pix-text.default\">\n\t\t\t\t<div class=\"elementor-widget-container\">\n\t\t\t\t\t<div class=\"pix-el-text w-100 text-left \" ><p class=\"resp-option text-left \"><p>Consultations: toujours sur rendez-vous \u00e0 la rue Piedenval, 8 \u00e0 Acosse ou \u00e0 Bierwart.<\/p><\/p><\/div>\t\t\t\t<\/div>\n\t\t\t\t<\/div>\n\t\t\t\t\t<\/div>\n\t\t<\/div>\n\t\t\t\t<div class=\"elementor-column elementor-col-50 elementor-top-column elementor-element elementor-element-4d6b0775\" data-id=\"4d6b0775\" data-element_type=\"column\" data-e-type=\"column\">\n\t\t\t<div class=\"elementor-widget-wrap elementor-element-populated\">\n\t\t\t\t\t\t<div class=\"elementor-element elementor-element-9d110e elementor-widget elementor-widget-pix-dividers\" data-id=\"9d110e\" data-element_type=\"widget\" data-e-type=\"widget\" data-widget_type=\"pix-dividers.default\">\n\t\t\t\t<div class=\"elementor-widget-container\">\n\t\t\t\t\t<div class=\"pix-divider  position-relative pix-bottom-divider\" data-style=\"style-dynamic\" ><div class=\"pix-dividers-box w-100 position-relative d-inline-block\" >\n                    <svg class=\"pix-shape-dividers\"  viewBox=\"0 0 100 100\" preserveAspectRatio=\"none\">\n                        <defs><linearGradient id=\"divider-pix-accordion-453354-bottom-overlay-color-0\" x1=\"0%\" y1=\"0%\" x2=\"100%\" y2=\"0%\"><stop offset=\"0%\"   stop-color=\"rgba(248, 249, 250, 0.25)\"\/><stop offset=\"100%\"   stop-color=\"#F8F9FA\"\/><\/linearGradient><linearGradient id=\"divider-pix-accordion-453354-bottom-overlay-color-1\" x1=\"0%\" y1=\"0%\" x2=\"100%\" y2=\"0%\"><stop offset=\"0%\"   stop-color=\"rgba(248, 249, 250, 0.5)\"\/><stop offset=\"100%\"   stop-color=\"#F8F9FA\"\/><\/linearGradient><linearGradient id=\"divider-pix-accordion-453354-bottom-overlay-color-2\" x1=\"0%\" y1=\"0%\" x2=\"100%\" y2=\"0%\"><stop offset=\"0%\"   stop-color=\"#F8F9FA\"\/><stop offset=\"100%\"   stop-color=\"#F8F9FA\"\/><\/linearGradient><\/defs><path d=\"\" class=\"\" fill=\"url(#divider-pix-accordion-453354-bottom-overlay-color-0)\"><\/path><path d=\"\" class=\"\" fill=\"url(#divider-pix-accordion-453354-bottom-overlay-color-1)\"><\/path><path d=\"\" class=\"\" fill=\"url(#divider-pix-accordion-453354-bottom-overlay-color-2)\"><\/path>\n                    <\/svg>\n                <\/div><\/div>\t\t\t\t<\/div>\n\t\t\t\t<\/div>\n\t\t\t\t<div class=\"elementor-element elementor-element-d0a96b5 elementor-widget elementor-widget-heading\" data-id=\"d0a96b5\" data-element_type=\"widget\" data-e-type=\"widget\" data-widget_type=\"heading.default\">\n\t\t\t\t\t<h6 class=\"elementor-heading-title elementor-size-default\">Pr\u00e9sentation<\/h6>\t\t\t\t<\/div>\n\t\t\t\t<div class=\"elementor-element elementor-element-421f29e elementor-widget__width-initial elementor-widget elementor-widget-pix-text\" data-id=\"421f29e\" data-element_type=\"widget\" data-e-type=\"widget\" data-widget_type=\"pix-text.default\">\n\t\t\t\t<div class=\"elementor-widget-container\">\n\t\t\t\t\t<div class=\"pix-el-text w-100 text-left \" ><p class=\"resp-option text-left \"><p>Je suis m\u00e9decin de famille \u00e0 Acosse dans la commune de Wasseiges. J\u2019ai aussi une consultation \u00e0 Bierwart le vendredi matin. J\u2019y travaille avec mon \u00e9pouse, le docteur Laura Francescangeli, ainsi qu\u2019avec les docteurs Gilles Colemonts, Marie Paradis et Etienne Bolly. Je suis aussi m\u00e9decin coordinateur \u00e0 la maison de repos du Hesbin \u00e0 Wasseiges. Et je suis accr\u00e9dit\u00e9, conventionn\u00e9 et agr\u00e9\u00e9 Police et Arm\u00e9e.<\/p><\/p><\/div>\t\t\t\t<\/div>\n\t\t\t\t<\/div>\n\t\t\t\t<div class=\"elementor-element elementor-element-2cd4fb2 elementor-widget elementor-widget-heading\" data-id=\"2cd4fb2\" data-element_type=\"widget\" data-e-type=\"widget\" data-widget_type=\"heading.default\">\n\t\t\t\t\t<h6 class=\"elementor-heading-title elementor-size-default\">Actes techniques<\/h6>\t\t\t\t<\/div>\n\t\t\t\t<div class=\"elementor-element elementor-element-8e32ce6 elementor-widget__width-initial elementor-widget elementor-widget-pix-text\" data-id=\"8e32ce6\" data-element_type=\"widget\" data-e-type=\"widget\" data-widget_type=\"pix-text.default\">\n\t\t\t\t<div class=\"elementor-widget-container\">\n\t\t\t\t\t<div class=\"pix-el-text w-100 text-left \" ><p class=\"resp-option text-left \"><ul><li>Sutures<\/li><li>Cures d&rsquo;ongles incarn\u00e9s<\/li><li>Infiltrations<\/li><li>Traitement des verrues<\/li><li>Vaccinations ONE<\/li><\/ul><\/p><\/div>\t\t\t\t<\/div>\n\t\t\t\t<\/div>\n\t\t\t\t<div class=\"elementor-element elementor-element-4e68bee elementor-widget elementor-widget-heading\" data-id=\"4e68bee\" data-element_type=\"widget\" data-e-type=\"widget\" data-widget_type=\"heading.default\">\n\t\t\t\t\t<h6 class=\"elementor-heading-title elementor-size-default\">Horaires\n<\/h6>\t\t\t\t<\/div>\n\t\t\t\t<div class=\"elementor-element elementor-element-f1fd636 elementor-widget__width-initial elementor-widget elementor-widget-pix-img\" data-id=\"f1fd636\" data-element_type=\"widget\" data-e-type=\"widget\" data-widget_type=\"pix-img.default\">\n\t\t\t\t<div class=\"elementor-widget-container\">\n\t\t\t\t\t<div id=\"el-f1fd636\" class=\"pix-img-element d-inline-block \" ><div class=\"pix-img-el     left d-inline-block  w-100 rounded-lg\"  ><img fetchpriority=\"high\" decoding=\"async\" width=\"2560\" height=\"534\" src=\"https:\/\/www.amambre.be\/public\/wp-content\/uploads\/2025\/09\/horaire-dr-mercier-03-scaled.png\" class=\"pix-img-elem rounded-lg\" alt=\"Image link\" srcset=\"https:\/\/www.amambre.be\/public\/wp-content\/uploads\/2025\/09\/horaire-dr-mercier-03-scaled.png 2560w, https:\/\/www.amambre.be\/public\/wp-content\/uploads\/2025\/09\/horaire-dr-mercier-03-300x63.png 300w, https:\/\/www.amambre.be\/public\/wp-content\/uploads\/2025\/09\/horaire-dr-mercier-03-1024x214.png 1024w, https:\/\/www.amambre.be\/public\/wp-content\/uploads\/2025\/09\/horaire-dr-mercier-03-768x160.png 768w, https:\/\/www.amambre.be\/public\/wp-content\/uploads\/2025\/09\/horaire-dr-mercier-03-1536x320.png 1536w, https:\/\/www.amambre.be\/public\/wp-content\/uploads\/2025\/09\/horaire-dr-mercier-03-2048x427.png 2048w\" sizes=\"(max-width: 2560px) 100vw, 2560px\" \/><\/div><\/div>\t\t\t\t<\/div>\n\t\t\t\t<\/div>\n\t\t\t\t\t<\/div>\n\t\t<\/div>\n\t\t\t\t\t<\/div>\n\t\t<\/section>\n\t\t\t\t<section class=\"elementor-section elementor-top-section elementor-element elementor-element-2370923a elementor-section-stretched elementor-section-boxed elementor-section-height-default elementor-section-height-default\" data-id=\"2370923a\" data-element_type=\"section\" data-e-type=\"section\" data-settings=\"{&quot;stretch_section&quot;:&quot;section-stretched&quot;,&quot;background_background&quot;:&quot;classic&quot;}\">\n\t\t\t\t\t\t<div class=\"elementor-container elementor-column-gap-default\">\n\t\t\t\t\t<div class=\"elementor-column elementor-col-100 elementor-top-column elementor-element elementor-element-700e75e\" data-id=\"700e75e\" data-element_type=\"column\" data-e-type=\"column\">\n\t\t\t<div class=\"elementor-widget-wrap\">\n\t\t\t\t\t\t\t<\/div>\n\t\t<\/div>\n\t\t\t\t\t<\/div>\n\t\t<\/section>\n\t\t\t\t<\/div>\n\t\t","protected":false},"excerpt":{"rendered":"Jean-Philippe MERCIERM\u00e9decin g\u00e9n\u00e9raliste Prendre rendez-vous Consultations: toujours sur rendez-vous \u00e0 la rue Piedenval, 8 \u00e0 Acosse ou \u00e0 Bierwart. Pr\u00e9sentation Je suis m\u00e9decin de famille \u00e0 Acosse dans la commune de Wasseiges. J\u2019ai aussi une consultation \u00e0 Bierwart le vendredi&#8230;","protected":false},"author":1,"featured_media":0,"parent":0,"menu_order":0,"comment_status":"closed","ping_status":"closed","template":"elementor_header_footer","meta":{"footnotes":""},"class_list":["post-13630","page","type-page","status-publish","hentry"],"_links":{"self":[{"href":"https:\/\/www.amambre.be\/public\/wp-json\/wp\/v2\/pages\/13630","targetHints":{"allow":["GET"]}}],"collection":[{"href":"https:\/\/www.amambre.be\/public\/wp-json\/wp\/v2\/pages"}],"about":[{"href":"https:\/\/www.amambre.be\/public\/wp-json\/wp\/v2\/types\/page"}],"author":[{"embeddable":true,"href":"https:\/\/www.amambre.be\/public\/wp-json\/wp\/v2\/users\/1"}],"replies":[{"embeddable":true,"href":"https:\/\/www.amambre.be\/public\/wp-json\/wp\/v2\/comments?post=13630"}],"version-history":[{"count":44,"href":"https:\/\/www.amambre.be\/public\/wp-json\/wp\/v2\/pages\/13630\/revisions"}],"predecessor-version":[{"id":13969,"href":"https:\/\/www.amambre.be\/public\/wp-json\/wp\/v2\/pages\/13630\/revisions\/13969"}],"wp:attachment":[{"href":"https:\/\/www.amambre.be\/public\/wp-json\/wp\/v2\/media?parent=13630"}],"curies":[{"name":"wp","href":"https:\/\/api.w.org\/{rel}","templated":true}]}}