{"id":13687,"date":"2025-09-03T14:23:41","date_gmt":"2025-09-03T12:23:41","guid":{"rendered":"https:\/\/www.amambre.be\/public\/?page_id=13687"},"modified":"2025-09-19T11:34:35","modified_gmt":"2025-09-19T09:34:35","slug":"lise-renaux-kinesitherapeute","status":"publish","type":"page","link":"https:\/\/www.amambre.be\/public\/lise-renaux-kinesitherapeute\/","title":{"rendered":"Lise Renaux kin\u00e9sith\u00e9rapeute"},"content":{"rendered":"\t\t<div data-elementor-type=\"wp-page\" data-elementor-id=\"13687\" class=\"elementor elementor-13687\" data-elementor-post-type=\"page\">\n\t\t\t\t<div class=\"elementor-element elementor-element-f62c735 e-flex e-con-boxed e-con e-parent\" data-id=\"f62c735\" data-element_type=\"container\" data-e-type=\"container\" data-settings=\"{&quot;background_background&quot;:&quot;classic&quot;}\">\n\t\t\t\t\t<div class=\"e-con-inner\">\n\t\t\t\t<div class=\"elementor-element elementor-element-e6f130b animated-slow elementor-invisible elementor-widget elementor-widget-pix-marquee\" data-id=\"e6f130b\" data-element_type=\"widget\" data-e-type=\"widget\" data-settings=\"{&quot;_animation&quot;:&quot;fadeInUp&quot;}\" data-widget_type=\"pix-marquee.default\">\n\t\t\t\t<div class=\"elementor-widget-container\">\n\t\t\t\t\t<div id=\"el-e6f130b\" class=\"pix-marquee-element d-flex \" ><div class=\"pix-marquee  pix-pause-hover pix-gray-effect \" ><div class=\"marquee__inner \" aria-hidden=\"true\"><div class=\"pix-marquee-item text-light-opacity-9 heading-font\" style=\"\">En consultation \u00e0 Bierwart > Prenez rendez-vous<\/div><\/div><\/div><\/div>\t\t\t\t<\/div>\n\t\t\t\t<\/div>\n\t\t\t\t\t<\/div>\n\t\t\t\t<\/div>\n\t\t<div class=\"pix-divider  position-relative pix-top-divider elementor-element elementor-element-719779b9 pix-stretch-divider\" data-style=\"style-2\" ><svg xmlns=\"http:\/\/www.w3.org\/2000\/svg\" width=\"100%\"  viewBox=\"0 0 1200 364\" preserveAspectRatio=\"none\"><path class=\"pix-divider-layer-1\" fill=\"#ffffff\" d=\"M1200,40.5577362 L1200,363.982078 L0,363.982078 L0,40 L361.158647,340.381996 C373.674917,350.791998 378.79313,353.776617 384.997108,356.182554 C391.201087,358.58849 397.469093,359.565948 404.11106,359.163259 C410.753026,358.760571 416.536981,357.476079 431.628622,351.371365 L1200,40.5577362 Z\"\/><defs><\/defs><\/svg><\/div>\t\t<section class=\"pix-elementor-divider elementor-section elementor-top-section elementor-element elementor-element-719779b9 elementor-section-stretched elementor-section-full_width elementor-section-height-default elementor-section-height-default\" data-id=\"719779b9\" data-element_type=\"section\" data-e-type=\"section\" data-settings=\"{&quot;stretch_section&quot;:&quot;section-stretched&quot;}\">\n\t\t\t\t\t\t<div class=\"elementor-container elementor-column-gap-no\">\n\t\t\t\t\t<div class=\"elementor-column elementor-col-50 elementor-top-column elementor-element elementor-element-edf9fe7\" data-id=\"edf9fe7\" data-element_type=\"column\" data-e-type=\"column\">\n\t\t\t<div class=\"elementor-widget-wrap elementor-element-populated\">\n\t\t\t\t\t\t<div class=\"elementor-element elementor-element-096d86c elementor-invisible elementor-widget elementor-widget-pix-team-member-circle\" data-id=\"096d86c\" data-element_type=\"widget\" data-e-type=\"widget\" data-widget_type=\"pix-team-member-circle.default\">\n\t\t\t\t<div class=\"elementor-widget-container\">\n\t\t\t\t\t<div class=\" text-center animate-in\" style=\"position:relative\" data-anim-type=\"fade-in-up\" data-anim-delay=\"0\"><div class=\"card-body text-center\"><div class=\"mb-2\" ><div class=\"animate-in d-inline-block\" data-anim-type=\"fade-in-up\" data-anim-delay=\"0\"><div class=\"pix-story d-inline-block center \"  ><div class=\"story-img pix-bg-attachment-scroll pix-bg-custom  bg-gradient-primary center d-inline-block\" ><img decoding=\"async\" width=\"160\" height=\"160\" src=\"https:\/\/www.amambre.be\/public\/wp-content\/uploads\/2025\/09\/liserenaud-300x300.jpg\" class=\"rounded-circle bg-white pix-fit-cover img-fluid hover-effect \" alt=\"Lise RENAUX\" style=\"width:160px;height:160px;\" srcset=\"https:\/\/www.amambre.be\/public\/wp-content\/uploads\/2025\/09\/liserenaud-300x300.jpg 300w, https:\/\/www.amambre.be\/public\/wp-content\/uploads\/2025\/09\/liserenaud-1024x1024.jpg 1024w, https:\/\/www.amambre.be\/public\/wp-content\/uploads\/2025\/09\/liserenaud-150x150.jpg 150w, https:\/\/www.amambre.be\/public\/wp-content\/uploads\/2025\/09\/liserenaud-768x768.jpg 768w, https:\/\/www.amambre.be\/public\/wp-content\/uploads\/2025\/09\/liserenaud-1536x1536.jpg 1536w, https:\/\/www.amambre.be\/public\/wp-content\/uploads\/2025\/09\/liserenaud-75x75.jpg 75w, https:\/\/www.amambre.be\/public\/wp-content\/uploads\/2025\/09\/liserenaud-460x460.jpg 460w, https:\/\/www.amambre.be\/public\/wp-content\/uploads\/2025\/09\/liserenaud.jpg 2000w\" sizes=\"(max-width: 160px) 100vw, 160px\" \/><\/div><\/div><\/div><\/div><div class=\"text-center\"><h5 class=\"pix-member-name card-title mb-3 font-weight-bold   text-heading-default animate-in\" style=\"\" data-anim-type=\"fade-in-up\" data-anim-delay=\"0\">Lise RENAUX<\/h5><h4 class=\"pix-member-title mb-3 font-weight-bold   text-body-default animate-in\" style=\"font-size:15px;\" data-anim-type=\"fade-in-up\" data-anim-delay=\"100\"><strong>Kin\u00e9sith\u00e9rapeute |  T\u00e9l: 0490\/36 86 25<\/strong><\/h4><p class=\"pix-member-desc p-0 animate-in text-body-default \"  data-anim-type=\"fade-in-up\" data-anim-delay=\"200\">Num\u00e9ro d'agr\u00e9ment: 54578930527<\/p><div class=\"text-gray-6  pix-social-icons font-weight-bold d-inline-block w-100 \" style=\"\"><a target=\"_blank\" href=\"tel:0490368625\" aria-label=\"Solid\/pixfort-icon-telephone-call-1\" class=\"text-gray-6 animate-in d-inline-block fly-sm text-24 px-2\" data-anim-type=\"fade-in-up\" data-anim-delay=\"400\"><svg class=\"pixfort-icon \" width=\"24\" height=\"24\" style=\"\" data-name=\"Solid\/pixfort-icon-telephone-call-1\" viewBox=\"2 2 20 20\"><g  stroke=\"none\" stroke-width=\"var(--pf-icon-stroke-width)\" fill=\"none\" fill-rule=\"evenodd\"><path d=\"M6.69312828,3.09895884 C7.86523071,3.04246855 8.89671328,3.90395885 9.03415569,5.08686486 L9.28114591,7.21260038 C9.36400077,7.92569547 9.1015994,8.63552191 8.57483334,9.12325858 L7.621,10.005 L7.69877224,10.1795935 C8.92469733,12.8241662 10.9876432,14.8470076 13.6742309,16.1477432 L13.863,16.236 L14.8852665,15.2911629 C15.3233934,14.8856763 15.9026828,14.6725866 16.4944797,14.6939222 L16.6722653,14.7073976 L18.9826474,14.9759592 L19.0529668,14.9875055 C20.2758451,15.2082417 21.0882418,16.3785225 20.8675057,17.6014008 L20.4236034,20.0606193 C20.2972938,20.7602247 19.6732198,21.258707 18.9609662,21.227171 L18.5934278,21.2078869 C9.28614041,20.6430578 3.21231684,14.4258226 2.77497173,5.07691208 L2.77559592,4.942835 C2.81091683,4.26110821 3.3116777,3.68966639 3.98740974,3.56772706 L6.46934834,3.12085472 L6.53950981,3.11158211 Z M12.309795,8.41963829 C13.0847318,8.57669428 13.8389038,8.99294954 14.4514097,9.60545549 C15.0634902,10.217536 15.4795966,10.9710879 15.6369036,11.7454767 C15.7468476,12.2867075 15.3972206,12.814589 14.8559898,12.924533 C14.3534183,13.0266238 13.8623573,12.7324519 13.7067425,12.2565668 L13.6769335,12.1436191 C13.5994902,11.7623823 13.3770141,11.359487 13.0371962,11.0196691 C12.7457331,10.728206 12.4078709,10.5230711 12.0770872,10.4217282 L11.9125328,10.379787 C11.3712527,10.270086 11.0213886,9.74236164 11.1310895,9.20108153 C11.2407905,8.65980143 11.7685149,8.30993737 12.309795,8.41963829 Z M13.5297384,5.29840217 C14.7036388,5.54445233 15.8880857,6.21370438 16.8656233,7.19124193 C17.8415642,8.16718282 18.5102443,9.34936907 18.7572727,10.5214632 C18.8711691,11.0618761 18.5254092,11.5922985 17.9849963,11.7061949 C17.4445834,11.8200913 16.914161,11.4743314 16.8002646,10.9339186 C16.6359756,10.1544039 16.1614819,9.31552769 15.4514097,8.60545549 C14.7402286,7.89427434 13.8998656,7.41944122 13.1194529,7.25586629 C12.5789141,7.14256907 12.2325664,6.61253025 12.3458636,6.07199146 C12.4591608,5.53145267 12.9891996,5.18510495 13.5297384,5.29840217 Z M14.7469773,2.17208674 C16.3165659,2.50664531 17.9336735,3.43086497 19.2798368,4.77702837 C20.6235946,6.12078611 21.5469482,7.73454234 21.8830111,9.30162168 C21.9988166,9.84162867 21.6549333,10.3732697 21.1149263,10.4890751 C20.5749193,10.6048806 20.0432783,10.2609973 19.9274729,9.72099027 C19.6755508,8.54626416 18.9465338,7.27215245 17.8656233,6.19124193 C16.7828479,5.10846653 15.5062429,4.37885305 14.3300424,4.12814536 C13.7898918,4.01301199 13.4453472,3.48179931 13.5604805,2.94164863 C13.6756139,2.40149796 14.2068266,2.05695336 14.7469773,2.17208674 Z\"  fill=\"var(--pf-icon-color)\"><\/path><\/g><\/svg><\/a><\/div><\/div><\/div><\/div>\t\t\t\t<\/div>\n\t\t\t\t<\/div>\n\t\t\t\t<div class=\"elementor-element elementor-element-04cac7c elementor-widget elementor-widget-pix-text\" data-id=\"04cac7c\" data-element_type=\"widget\" data-e-type=\"widget\" data-widget_type=\"pix-text.default\">\n\t\t\t\t<div class=\"elementor-widget-container\">\n\t\t\t\t\t<div class=\"pix-el-text w-100 text-left \" ><p class=\"resp-option text-left \"><p>Consultations: toujours sur rendez-vous \u00e0 Bierwart.<\/p><\/p><\/div>\t\t\t\t<\/div>\n\t\t\t\t<\/div>\n\t\t\t\t<div class=\"elementor-element elementor-element-8d838f0 elementor-widget elementor-widget-pix-button\" data-id=\"8d838f0\" data-element_type=\"widget\" data-e-type=\"widget\" data-widget_type=\"pix-button.default\">\n\t\t\t\t<div class=\"elementor-widget-container\">\n\t\t\t\t\t<a  href=\"https:\/\/www.doctoranytime.be\/d\/kinesitherapeute\/lise-renaux\" class=\"btn m-0     shadow-inverse btn-primary d-inline-flex align-items-center      btn-normal\"     ><svg class=\"pixfort-icon font-weight-bold   mr-2\" width=\"24\" height=\"24\"  data-name=\"Line\/pixfort-icon-calendar-3\" viewBox=\"2 2 20 20\"><path fill=\"none\" stroke=\"var(--pf-icon-color)\" stroke-linecap=\"round\" stroke-linejoin=\"round\" stroke-width=\"var(--pf-icon-stroke-width)\" d=\"M5,4.5 L19,4.5 C20.1045695,4.5 21,5.3954305 21,6.5 L21,19 C21,20.1045695 20.1045695,21 19,21 L5,21 C3.8954305,21 3,20.1045695 3,19 L3,6.5 C3,5.3954305 3.8954305,4.5 5,4.5 Z M3,9 L21,9 M7,13 L17,13 M7,17 L14,17 M8,6 L8,3 M16,6 L16,3\"\/><\/svg><span class=\"font-weight-bold \" >Prendre rendez-vous<\/span><\/a>\t\t\t\t<\/div>\n\t\t\t\t<\/div>\n\t\t\t\t<div class=\"elementor-element elementor-element-ed836b9 elementor-widget elementor-widget-pix-text\" data-id=\"ed836b9\" data-element_type=\"widget\" data-e-type=\"widget\" data-widget_type=\"pix-text.default\">\n\t\t\t\t<div class=\"elementor-widget-container\">\n\t\t\t\t\t<div class=\"pix-el-text w-100 text-left \" ><p class=\"resp-option text-left \"><p>\u00a0<\/p><h6 class=\"text-1420 font-medium mb-2\">Annulation<\/h6><p>Vous pouvez toujours annuler jusqu&rsquo;\u00e0 24 heures avant le rendez-vous. Pour plus d&rsquo;informations, veuillez lire notre\u00a0<a href=\"https:\/\/www.doctoranytime.be\/us\/help#cancel-appointment\" target=\"_blank\" rel=\"noopener\">Politique d&rsquo;annulation<\/a>.<\/p><\/p><\/div>\t\t\t\t<\/div>\n\t\t\t\t<\/div>\n\t\t\t\t\t<\/div>\n\t\t<\/div>\n\t\t\t\t<div class=\"elementor-column elementor-col-50 elementor-top-column elementor-element elementor-element-4d6b0775\" data-id=\"4d6b0775\" data-element_type=\"column\" data-e-type=\"column\">\n\t\t\t<div class=\"elementor-widget-wrap elementor-element-populated\">\n\t\t\t\t\t\t<div class=\"elementor-element elementor-element-d0a96b5 elementor-widget elementor-widget-heading\" data-id=\"d0a96b5\" data-element_type=\"widget\" data-e-type=\"widget\" data-widget_type=\"heading.default\">\n\t\t\t\t\t<h6 class=\"elementor-heading-title elementor-size-default\">Pr\u00e9sentation<\/h6>\t\t\t\t<\/div>\n\t\t\t\t<div class=\"elementor-element elementor-element-421f29e elementor-widget__width-initial elementor-widget elementor-widget-pix-text\" data-id=\"421f29e\" data-element_type=\"widget\" data-e-type=\"widget\" data-widget_type=\"pix-text.default\">\n\t\t\t\t<div class=\"elementor-widget-container\">\n\t\t\t\t\t<div class=\"pix-el-text w-100 text-left \" ><p class=\"resp-option text-left \"><p>Au cours de mes ann\u00e9es de pratique, j\u2019ai d\u00e9velopp\u00e9 mon exp\u00e9rience en tant que kin\u00e9sith\u00e9rapeute en centre de r\u00e9\u00e9ducation sp\u00e9cialis\u00e9 en ortho- traumato et en tant qu\u2019ind\u00e9pendante. Mon travail c\u2019est toujours bas\u00e9 sur une collaboration avec de nombreux kin\u00e9sith\u00e9rapeutes, m\u00e9decins, p\u00e9diatres et sp\u00e9cialistes. Cela me permet de vous proposer une prise en charge adapt\u00e9e \u00e0 vos besoins.<\/p><p>Je me suis sp\u00e9cialis\u00e9e dans diff\u00e9rents domaines dont :<br \/>&#8211; Fasciath\u00e9rapie musculo-squelettique : technique qui permet de travailler sur le tissu conjonctif que l\u2019on retrouve dans les tendons, les nerfs, les capsules, les membranes\u2026<br \/>&#8211; Yoga Vinyasa : pratique du yoga adapt\u00e9 \u00e0 la personne. Source d\u2019inspiration pour mes exercices de mobilit\u00e9 et de respiration en kin\u00e9.<br \/>&#8211; Nutrition : conseils et orientation vers mes coll\u00e8gues nutritionniste<br \/>&#8211; Programmation Neuro Linguistique (PNL), hypnose : utilis\u00e9es en compl\u00e9ment, si n\u00e9cessaire lors de prise en charge.<br \/>Ce qui me permet d\u2019avoir une vision plus globale de votre prise en charge que se soit au cabinet ou \u00e0 domicile.<\/p><\/p><\/div>\t\t\t\t<\/div>\n\t\t\t\t<\/div>\n\t\t\t\t<div class=\"elementor-element elementor-element-2cd4fb2 elementor-widget elementor-widget-heading\" data-id=\"2cd4fb2\" data-element_type=\"widget\" data-e-type=\"widget\" data-widget_type=\"heading.default\">\n\t\t\t\t\t<h6 class=\"elementor-heading-title elementor-size-default\">Types de consultations<\/h6>\t\t\t\t<\/div>\n\t\t\t\t<div class=\"elementor-element elementor-element-8e32ce6 elementor-widget__width-initial elementor-widget elementor-widget-pix-text\" data-id=\"8e32ce6\" data-element_type=\"widget\" data-e-type=\"widget\" data-widget_type=\"pix-text.default\">\n\t\t\t\t<div class=\"elementor-widget-container\">\n\t\t\t\t\t<div class=\"pix-el-text w-100 text-left \" ><p class=\"resp-option text-left \"><ul><li>Consultations g\u00e9n\u00e9rales<\/li><li>Visite \u00e0 domicile<\/li><li>Consultations p\u00e9diatriques<\/li><li>Kin\u00e9sith\u00e9rapie respiratoire<\/li><li>Post-op\u00e9ration<\/li><li>Revalidation cardio pulmonaire<\/li><li>Blessure sportive<\/li><\/ul><\/p><\/div>\t\t\t\t<\/div>\n\t\t\t\t<\/div>\n\t\t\t\t\t<\/div>\n\t\t<\/div>\n\t\t\t\t\t<\/div>\n\t\t<\/section>\n\t\t\t\t<\/div>\n\t\t","protected":false},"excerpt":{"rendered":"En consultation \u00e0 Bierwart > Prenez rendez-vous Lise RENAUXKin\u00e9sith\u00e9rapeute | T\u00e9l: 0490\/36 86 25Num\u00e9ro d&rsquo;agr\u00e9ment: 54578930527 Consultations: toujours sur rendez-vous \u00e0 Bierwart. Prendre rendez-vous \u00a0AnnulationVous pouvez toujours annuler jusqu&rsquo;\u00e0 24 heures avant le rendez-vous. Pour plus d&rsquo;informations, veuillez lire notre\u00a0Politique&#8230;","protected":false},"author":1,"featured_media":0,"parent":0,"menu_order":0,"comment_status":"closed","ping_status":"closed","template":"elementor_header_footer","meta":{"footnotes":""},"class_list":["post-13687","page","type-page","status-publish","hentry"],"_links":{"self":[{"href":"https:\/\/www.amambre.be\/public\/wp-json\/wp\/v2\/pages\/13687","targetHints":{"allow":["GET"]}}],"collection":[{"href":"https:\/\/www.amambre.be\/public\/wp-json\/wp\/v2\/pages"}],"about":[{"href":"https:\/\/www.amambre.be\/public\/wp-json\/wp\/v2\/types\/page"}],"author":[{"embeddable":true,"href":"https:\/\/www.amambre.be\/public\/wp-json\/wp\/v2\/users\/1"}],"replies":[{"embeddable":true,"href":"https:\/\/www.amambre.be\/public\/wp-json\/wp\/v2\/comments?post=13687"}],"version-history":[{"count":50,"href":"https:\/\/www.amambre.be\/public\/wp-json\/wp\/v2\/pages\/13687\/revisions"}],"predecessor-version":[{"id":13987,"href":"https:\/\/www.amambre.be\/public\/wp-json\/wp\/v2\/pages\/13687\/revisions\/13987"}],"wp:attachment":[{"href":"https:\/\/www.amambre.be\/public\/wp-json\/wp\/v2\/media?parent=13687"}],"curies":[{"name":"wp","href":"https:\/\/api.w.org\/{rel}","templated":true}]}}